{"id":456,"date":"2021-03-24T11:55:20","date_gmt":"2021-03-24T10:55:20","guid":{"rendered":"https:\/\/casa-margarita.eu\/?page_id=456"},"modified":"2022-01-20T19:00:41","modified_gmt":"2022-01-20T18:00:41","slug":"elementor-456","status":"publish","type":"page","link":"https:\/\/casa-margarita.eu\/es\/elementor-456\/","title":{"rendered":"AGB"},"content":{"rendered":"<div data-elementor-type=\"wp-page\" data-elementor-id=\"456\" class=\"elementor elementor-456\" data-elementor-settings=\"[]\">\n\t\t\t\t\t\t\t<div class=\"elementor-section-wrap\">\n\t\t\t\t\t\t\t<section class=\"elementor-section elementor-top-section elementor-element elementor-element-6cd0fce elementor-section-boxed elementor-section-height-default elementor-section-height-default\" data-id=\"6cd0fce\" data-element_type=\"section\">\n\t\t\t\t\t\t<div class=\"elementor-container elementor-column-gap-default\">\n\t\t\t\t\t<div class=\"elementor-column elementor-col-100 elementor-top-column elementor-element elementor-element-93b7f80\" data-id=\"93b7f80\" data-element_type=\"column\">\n\t\t\t<div class=\"elementor-widget-wrap elementor-element-populated\">\n\t\t\t\t\t\t\t\t<div class=\"elementor-element elementor-element-dd67724 elementor-widget elementor-widget-text-editor\" data-id=\"dd67724\" data-element_type=\"widget\" data-widget_type=\"text-editor.default\">\n\t\t\t\t<div class=\"elementor-widget-container\">\n\t\t\t\t\t\t\t\t<p><span style=\"font-size: 14pt;\"><strong>Allgemeine Gesch\u00e4ftsbedingungen (AGB)<\/strong><\/span><\/p><ol><li><span style=\"font-size: 14pt;\"><u> Anreise \/ Abreise<\/u><\/span><\/li><\/ol><p><span style=\"font-size: 14pt;\">Anreise ab 15:00 \u2013 21:00 Uhr<\/span><\/p><p><span style=\"font-size: 14pt;\">Abreise bis 12:00 Uhr<\/span><\/p><p><span style=\"font-size: 14pt;\">Individuelle Vereinbarungen sind m\u00f6glich.<\/span><\/p><ol start=\"2\"><li><span style=\"font-size: 14pt;\"><u> Bezahlung<\/u><\/span><\/li><\/ol><p><span style=\"font-size: 14pt;\">Die Zahlung des Mietpreises erfolgt zu 20% bei Vorausbuchung per Bank\u00fcberweisung auf das Konto des Vermieters.<\/span><\/p><p><span style=\"font-size: 14pt;\">Bei Stornierung bis zu vier Wochen vor Anreise wird diese vollst\u00e4ndig zur\u00fcckerstattet.<\/span><\/p><p><span style=\"font-size: 14pt;\">Die Zahlung des Restbetrags ist zehn Tage vor Anreise erforderlich.<\/span><\/p><p><span style=\"font-size: 14pt;\">Barzahlung bei Ankunft ist nach vorheriger Absprache ebenfalls m\u00f6glich.<\/span><\/p><p><span style=\"font-size: 14pt;\">Kreditkartenzahlungen k\u00f6nnen nicht get\u00e4tigt werden.<\/span><\/p><ol start=\"3\"><li><span style=\"font-size: 14pt;\"><u> R\u00fccktritt<\/u><\/span><\/li><\/ol><p><span style=\"font-size: 14pt;\">Bei einem R\u00fccktritt von weniger als acht Tagen vor Mietbeginn ist der volle Mietpreis zu zahlen.<\/span><\/p><ol start=\"4\"><li><span style=\"font-size: 14pt;\"><u> Pflichten des Mieters<\/u><\/span><\/li><\/ol><p><span style=\"font-size: 14pt;\">Der Mieter verpflichtet sich, die Ferienwohnung samt Inventar pfleglich zu behandeln.<\/span><\/p><p><span style=\"font-size: 14pt;\">Bei Ankunft festgestellte Sch\u00e4den sowie w\u00e4hrend des Aufenthalts entstandene Sch\u00e4den sind unverz\u00fcglich dem Vermieter mitzuteilen.<\/span><\/p><p><span style=\"font-size: 14pt;\">Bei Abreise ist die Wohnung besenrein zu \u00fcbergeben.<\/span><\/p><p><span style=\"font-size: 14pt;\">Geschirr ist sauber in den Schr\u00e4nken zu lagern.<\/span><\/p><p><span style=\"font-size: 14pt;\">F\u00fcr verlorene Schl\u00fcssel wird eine Geb\u00fchr von je 25 Euro erhoben.<\/span><\/p><ol start=\"5\"><li><span style=\"font-size: 14pt;\"><u> Datenschutz<\/u><\/span><\/li><\/ol><p><span style=\"font-size: 14pt;\">Der Mieter erkl\u00e4rt sich einverstanden, dass die im Rahmen der Reservierung und des mit ihm abgeschlossenen Vertrages notwendigen Daten gespeichert und \/ oder gel\u00f6scht werden. Alle personenbezogenen Daten werden vertraulich behandelt und nicht an Dritte weiter gegeben.<\/span><\/p><p><span style=\"font-size: 14pt;\">Eine Ausnahme bildet die Weiterleitung an die polizeilichen Beh\u00f6rden im Rahmen der \u00f6rtlichen Tourismusbestimmungen.<\/span><\/p><ol start=\"6\"><li><span style=\"font-size: 14pt;\"><u> Haftung<\/u><\/span><\/li><\/ol><p><span style=\"font-size: 14pt;\">Der Vermieter haftet nicht f\u00fcr pers\u00f6nliche Gegenst\u00e4nde und Wertsachen bei Diebstahl oder Feuer. F\u00fcr mutwillige Zerst\u00f6rungen \/ Sch\u00e4den haftet der Mieter in vollem Umfang.<\/span><\/p>\t\t\t\t\t\t<\/div>\n\t\t\t\t<\/div>\n\t\t\t\t\t<\/div>\n\t\t<\/div>\n\t\t\t\t\t\t\t<\/div>\n\t\t<\/section>\n\t\t\t\t\t\t<\/div>\n\t\t\t\t\t<\/div>","protected":false},"excerpt":{"rendered":"<p>Allgemeine Gesch\u00e4ftsbedingungen (AGB) Anreise \/ Abreise Anreise ab 15:00 \u2013 21:00 Uhr Abreise bis 12:00 Uhr Individuelle Vereinbarungen sind m\u00f6glich. Bezahlung Die Zahlung des Mietpreises erfolgt zu 20% bei Vorausbuchung per Bank\u00fcberweisung auf das Konto des Vermieters. Bei Stornierung bis zu vier Wochen vor Anreise wird diese vollst\u00e4ndig zur\u00fcckerstattet. Die Zahlung des Restbetrags ist zehn [&hellip;]<\/p>","protected":false},"author":1,"featured_media":0,"parent":0,"menu_order":0,"comment_status":"closed","ping_status":"closed","template":"","meta":{"ngg_post_thumbnail":0},"_links":{"self":[{"href":"https:\/\/casa-margarita.eu\/es\/wp-json\/wp\/v2\/pages\/456"}],"collection":[{"href":"https:\/\/casa-margarita.eu\/es\/wp-json\/wp\/v2\/pages"}],"about":[{"href":"https:\/\/casa-margarita.eu\/es\/wp-json\/wp\/v2\/types\/page"}],"author":[{"embeddable":true,"href":"https:\/\/casa-margarita.eu\/es\/wp-json\/wp\/v2\/users\/1"}],"replies":[{"embeddable":true,"href":"https:\/\/casa-margarita.eu\/es\/wp-json\/wp\/v2\/comments?post=456"}],"version-history":[{"count":15,"href":"https:\/\/casa-margarita.eu\/es\/wp-json\/wp\/v2\/pages\/456\/revisions"}],"predecessor-version":[{"id":536,"href":"https:\/\/casa-margarita.eu\/es\/wp-json\/wp\/v2\/pages\/456\/revisions\/536"}],"wp:attachment":[{"href":"https:\/\/casa-margarita.eu\/es\/wp-json\/wp\/v2\/media?parent=456"}],"curies":[{"name":"wp","href":"https:\/\/api.w.org\/{rel}","templated":true}]}}