{"id":164,"date":"2021-02-20T19:24:30","date_gmt":"2021-02-20T18:24:30","guid":{"rendered":"http:\/\/casa-margarita.eu\/?page_id=164"},"modified":"2023-01-05T10:43:19","modified_gmt":"2023-01-05T09:43:19","slug":"datenschutzerklaerung","status":"publish","type":"page","link":"https:\/\/casa-margarita.eu\/es\/datenschutzerklaerung\/","title":{"rendered":"Datenschutzerkl\u00e4rung"},"content":{"rendered":"<div data-elementor-type=\"wp-page\" data-elementor-id=\"164\" class=\"elementor elementor-164\" data-elementor-settings=\"[]\">\n\t\t\t\t\t\t\t<div class=\"elementor-section-wrap\">\n\t\t\t\t\t\t\t<section class=\"elementor-section elementor-top-section elementor-element elementor-element-a842a2e elementor-section-boxed elementor-section-height-default elementor-section-height-default\" data-id=\"a842a2e\" data-element_type=\"section\">\n\t\t\t\t\t\t<div class=\"elementor-container elementor-column-gap-default\">\n\t\t\t\t\t<div class=\"elementor-column elementor-col-100 elementor-top-column elementor-element elementor-element-4de9620\" data-id=\"4de9620\" data-element_type=\"column\">\n\t\t\t<div class=\"elementor-widget-wrap elementor-element-populated\">\n\t\t\t\t\t\t\t\t<div class=\"elementor-element elementor-element-a807c89 elementor-widget elementor-widget-heading\" data-id=\"a807c89\" data-element_type=\"widget\" data-widget_type=\"heading.default\">\n\t\t\t\t<div class=\"elementor-widget-container\">\n\t\t\t<h2 class=\"elementor-heading-title elementor-size-default\">Datenschutzerkl\u00e4rung<\/h2>\t\t<\/div>\n\t\t\t\t<\/div>\n\t\t\t\t\t<\/div>\n\t\t<\/div>\n\t\t\t\t\t\t\t<\/div>\n\t\t<\/section>\n\t\t\t\t<section class=\"elementor-section elementor-top-section elementor-element elementor-element-6c31e11 elementor-section-boxed elementor-section-height-default elementor-section-height-default\" data-id=\"6c31e11\" data-element_type=\"section\">\n\t\t\t\t\t\t<div class=\"elementor-container elementor-column-gap-default\">\n\t\t\t\t\t<div class=\"elementor-column elementor-col-100 elementor-top-column elementor-element elementor-element-f801d67\" data-id=\"f801d67\" data-element_type=\"column\">\n\t\t\t<div class=\"elementor-widget-wrap elementor-element-populated\">\n\t\t\t\t\t\t\t\t<div class=\"elementor-element elementor-element-b8c0b05 elementor-widget elementor-widget-text-editor\" data-id=\"b8c0b05\" data-element_type=\"widget\" data-widget_type=\"text-editor.default\">\n\t\t\t\t<div class=\"elementor-widget-container\">\n\t\t\t\t\t\t\t\t<p><span style=\"font-size: 14pt; color: var( --e-global-color-text );\">In dieser Datenschutzerkl\u00e4rung informieren wir Sie \u00fcber die Verarbeitung personenbezogener Daten bei der Nutzung dieser Website.<\/span><\/p><p><strong><span style=\"font-size: 14pt;\">Verantwortliche<\/span><\/strong><\/p><p><span style=\"font-size: 14pt;\">Verantwortlich f\u00fcr die Datenverarbeitung ist<\/span><br \/><span style=\"font-size: 14pt;\">Siegrid Haase de Moreno<\/span><\/p><p><span style=\"font-size: 14pt;\">Calle Corea, 4<\/span><\/p><p><span style=\"font-size: 14pt;\">ES &#8211; 18249 T\u00f3zar, Granada<\/span><\/p><p><span style=\"font-size: 14pt;\">info@casa-margarita.eu<\/span><\/p><p><strong><span style=\"font-size: 14pt;\">Personenbezogene Daten<\/span><\/strong><\/p><p><span style=\"font-size: 14pt;\">Personenbezogene Daten sind alle Informationen, die sich auf eine identifizierte oder identifizierbare nat\u00fcrliche Person (im Folgenden &#8222;betroffene Person&#8220;) beziehen. Als identifizierbar wird eine nat\u00fcrliche Person angesehen, die direkt oder indirekt, insbesondere mittels Zuordnung zu einer Kennung wie einem Namen, zu einer Kennnummer, zu Standortdaten, zu einer Online-Kennung oder zu einem oder mehreren besonderen Merkmalen identifiziert werden kann, die Ausdruck der physischen, physiologischen, genetischen, psychischen, wirtschaftlichen, kulturellen oder sozialen Identit\u00e4t dieser nat\u00fcrlichen Person sind.<\/span><\/p><p><strong><span style=\"font-size: 14pt;\">Daten beim Websiteaufruf<\/span><\/strong><\/p><p><span style=\"font-size: 14pt;\">Wenn Sie diese Website nur nutzen, um sich zu informieren und keine Daten angeben, dann verarbeiten wir nur die Daten, die zur Anzeige der Website auf dem von Ihnen verwendeten internetf\u00e4higen Ger\u00e4t erforderlich sind. Das sind insbesondere:<\/span><\/p><ul><li><span style=\"font-size: 14pt;\">IP-Adresse<\/span><\/li><li><span style=\"font-size: 14pt;\">Datum und Uhrzeit der Anfrage<\/span><\/li><li><span style=\"font-size: 14pt;\">jeweils \u00fcbertragene Datenmenge<\/span><\/li><li><span style=\"font-size: 14pt;\">die Website, von der die Anforderung kommt<\/span><\/li><li><span style=\"font-size: 14pt;\">Browsertyp und Browserversion<\/span><\/li><li><span style=\"font-size: 14pt;\">Betriebssystem<\/span><\/li><\/ul><p><span style=\"font-size: 14pt;\">Rechtsgrundlage f\u00fcr die Verarbeitung dieser Daten sind berechtigte Interessen gem\u00e4\u00df Art. 6 Abs. 1 UAbs. 1 Buchstabe f) DSGVO, um die Darstellung der Website grunds\u00e4tzlich zu erm\u00f6glichen.<\/span><\/p><p><span style=\"font-size: 14pt;\">Dar\u00fcber hinaus k\u00f6nnen Sie verschiedene Leistungen auf der Website nutzen, bei der weitere personenbezogene und nicht personenbezogene Daten verarbeitet werden.<\/span><\/p><p><span style=\"font-size: 14pt;\"><strong>Umgang mit Kontaktdaten<\/strong><\/span><\/p><p><span style=\"font-size: 14pt;\">Nehmen Sie mit uns als Websitebetreiber durch die angebotenen Kontaktm\u00f6glichkeiten Verbindung auf, werden Ihre Angaben gespeichert, damit auf diese zur Bearbeitung und Beantwortung Ihrer Anfrage zur\u00fcckgegriffen werden kann. Ohne Ihre Einwilligung werden diese Daten nicht an Dritte weitergegeben.<\/span><\/p><p><strong><span style=\"font-size: 14pt;\">Ihre Rechte<\/span><\/strong><\/p><p><span style=\"font-size: 14pt;\">Als betroffene Person haben Sie folgende Rechte:<\/span><\/p><ul><li><span style=\"font-size: 14pt;\">Sie haben ein Auskunftsrecht bez\u00fcglich der Sie betreffenden personenbezogenen Daten, die der Verantwortliche verarbeitet (Art. 15 DSGVO),<\/span><\/li><li><span style=\"font-size: 14pt;\">Sie haben das Recht auf Berichtigung der Sie betreffenden Daten, wenn diese unrichtig oder unvollst\u00e4ndig gespeichert werden (Art. 16 DSGVO),<\/span><\/li><li><span style=\"font-size: 14pt;\">Sie haben das Recht auf L\u00f6schung (Art. 17 DSGVO),<\/span><\/li><li><span style=\"font-size: 14pt;\">Sie haben das Recht, die Einschr\u00e4nkung der Verarbeitung Ihrer personenbezogenen Daten zu verlangen (Art. 18 DSGVO),<\/span><\/li><li><span style=\"font-size: 14pt;\">Sie haben das Recht auf Daten\u00fcbertragbarkeit (Art. 20 DSGVO),<\/span><\/li><li><span style=\"font-size: 14pt;\">Sie haben ein Widerspruchsrecht gegen die Verarbeitung Sie betreffender personenbezogener Daten (Art. 21 DSGVO),<\/span><\/li><li><span style=\"font-size: 14pt;\">Sie haben das Recht nicht einer ausschlie\u00dflich auf einer automatisierten Verarbeitung \u2013 einschlie\u00dflich Profiling \u2013 beruhenden Entscheidung unterworfen zu werden, die Ihnen gegen\u00fcber rechtliche Wirkung entfaltet oder sie in \u00e4hnlicher Weise erheblich beeintr\u00e4chtigt (Art. 22 DSGVO),<\/span><\/li><li><span style=\"font-size: 14pt;\">Sie haben das Recht, sich bei einem vermuteten Versto\u00df gegen das Datenschutzrecht bei der zust\u00e4ndigen Aufsichtsbeh\u00f6rde zu beschweren (Art. 77 DSGVO). Zust\u00e4ndig ist die Aufsichtsbeh\u00f6rde an Ihrem \u00fcblichen Aufenthaltsort, Arbeitsplatz oder am Ort des vermuteten Versto\u00dfes.<\/span><\/li><\/ul><p><strong><span style=\"font-size: 14pt;\">Einsatz von Cookies\u00a0<\/span><\/strong><\/p><p><span style=\"font-size: 14pt;\">Beim Besuch der Website k\u00f6nnen Cookies auf Ihrem Ger\u00e4t gespeichert werden. Cookies sind kleine Textdateien, die von dem von Ihnen verwendeten Browser gespeichert werden. Cookies k\u00f6nnen keine Programme ausf\u00fchren und auch keine Viren auf Ihr Ger\u00e4t \u00fcbertragen. Die Stelle, die den Cookie setzt, kann dar\u00fcber jedoch bestimmte Informationen erhalten. Cookies dienen dazu, das Internetangebot benutzerfreundlicher zu machen. Mithilfe von Cookies kann beispielsweise das Ger\u00e4t, mit dem diese Website aufgerufen wurde, bei einem erneuten Aufruf erkannt werden.<\/span><\/p><p><span style=\"font-size: 14pt;\">Durch die Browsereinstellungen l\u00e4sst sich das Setzen von Cookies einschr\u00e4nken oder verhindern. So kann z. B. nur die Annahme von Cookies, die von Drittanbietern stammen, blockiert werden oder aber auch die Annahme von allen Cookies. Durch das Blockieren sind jedoch m\u00f6glicherweise nicht mehr alle Funktionen dieser Website nutzbar. Im weiteren Text dieser Datenschutzerkl\u00e4rung informieren wir Sie konkret, an welchen Stellen und zu welchen Zwecken Cookies auf den Seiten zum Einsatz kommen.<\/span><\/p><p><strong><span style=\"font-size: 14pt;\">Datenschutzerkl\u00e4rung f\u00fcr Google Analytics<\/span><\/strong><\/p><p><span style=\"font-size: 14pt;\">Diese Website verwendet Google Analytics, einen Webanalysedienst der Google Inc., 1600 Amphitheatre Parkway, Mountain View, CA 94043, USA. Zu diesem Zweck werden von Google Cookies auf dem Ger\u00e4t gesetzt. Diese erm\u00f6glichen eine Analyse der Website-Nutzung. Die dabei erfassten Informationen werden in der Regel an einen Server von Google in den USA \u00fcbermittelt und dort erfasst \u2013 darunter auch die IP-Adresse. Google Analytics ist dabei so eingestellt, dass IP-Adressen nur anonymisiert gespeichert werden. Google k\u00fcrzt aufgrund dieser Einstellung vor der Speicherung die innerhalb von Mitgliedstaaten der Europ\u00e4ischen Union oder in anderen Vertragsstaaten des Abkommens \u00fcber den Europ\u00e4ischen Wirtschaftsraum erfassten IP-Adressen. Google nutzt die gesammelten Informationen, um die Nutzung der Webseiten auszuwerten und entsprechende Berichte zu erstellen. Google Analytics ist so eingestellt, dass die Daten innerhalb von 14 Monaten nach ihrem Entstehen gel\u00f6scht werden.<\/span><\/p><p><span style=\"font-size: 14pt;\">Die Verarbeitung der Daten erfolgt auf Grundlage von Art. 6 Abs. 1 UAbs. 1 Buchstabe f) DSGVO mit dem berechtigten Interesse an der Verbesserung dieses Websiteangebots.<\/span><\/p><p><span style=\"font-size: 14pt;\">Das Setzen des Analytics-Cookies l\u00e4sst sich verhindern, indem der Browser so eingestellt wird, dass dieser alle Cookies ablehnt. M\u00f6glicherweise beeintr\u00e4chtigt das jedoch die Nutzungsm\u00f6glichkeiten dieser Website. Die Erfassung von Daten durch Google kann au\u00dferdem die Installation des folgenden Browser-Plug-ins verhindern:\u00a0<a href=\"https:\/\/tools.google.com\/dlpage\/gaoptout?hl=de\">https:\/\/tools.google.com\/dlpage\/gaoptout?hl=de<\/a>. Die Erfassung von Daten durch Google Analytics verhindert zudem ein Klick auf folgenden Link. Dieser setzt ein entsprechende Opt-Out-Cookie:\u00a0<strong>Erfassung von Daten durch Google Analytics f\u00fcr diese Website deaktivieren<\/strong>.<\/span><\/p><p><span style=\"font-size: 14pt;\">Weitere Informationen zum Datenschutz von Google finden Sie unter:\u00a0<a href=\"https:\/\/www.google.com\/intl\/de\/analytics\/privacyoverview.html\">https:\/\/www.google.com\/intl\/de\/analytics\/privacyoverview.html<\/a>.<\/span><\/p><p><span style=\"font-size: 14pt;\">Quelle:\u00a0<a href=\"https:\/\/www.anwalt.de\/\" class=\"broken_link\">anwalt.de<\/a> und <\/span><a style=\"font-size: 14pt;\" href=\"http:\/\/www.datenschutz.org\/datenschutzerklaerung\/\">datenschutz.org<\/a><\/p>\t\t\t\t\t\t<\/div>\n\t\t\t\t<\/div>\n\t\t\t\t\t<\/div>\n\t\t<\/div>\n\t\t\t\t\t\t\t<\/div>\n\t\t<\/section>\n\t\t\t\t\t\t<\/div>\n\t\t\t\t\t<\/div>","protected":false},"excerpt":{"rendered":"<p>Datenschutzerkl\u00e4rung In dieser Datenschutzerkl\u00e4rung informieren wir Sie \u00fcber die Verarbeitung personenbezogener Daten bei der Nutzung dieser Website. Verantwortliche Verantwortlich f\u00fcr die Datenverarbeitung ist Siegrid Haase de Moreno Calle Corea, 4 ES &#8211; 18249 T\u00f3zar, Granada info@casa-margarita.eu Personenbezogene Daten Personenbezogene Daten sind alle Informationen, die sich auf eine identifizierte oder identifizierbare nat\u00fcrliche Person (im Folgenden &#8222;betroffene [&hellip;]<\/p>","protected":false},"author":1,"featured_media":0,"parent":0,"menu_order":0,"comment_status":"closed","ping_status":"closed","template":"","meta":{"ngg_post_thumbnail":0},"_links":{"self":[{"href":"https:\/\/casa-margarita.eu\/es\/wp-json\/wp\/v2\/pages\/164"}],"collection":[{"href":"https:\/\/casa-margarita.eu\/es\/wp-json\/wp\/v2\/pages"}],"about":[{"href":"https:\/\/casa-margarita.eu\/es\/wp-json\/wp\/v2\/types\/page"}],"author":[{"embeddable":true,"href":"https:\/\/casa-margarita.eu\/es\/wp-json\/wp\/v2\/users\/1"}],"replies":[{"embeddable":true,"href":"https:\/\/casa-margarita.eu\/es\/wp-json\/wp\/v2\/comments?post=164"}],"version-history":[{"count":24,"href":"https:\/\/casa-margarita.eu\/es\/wp-json\/wp\/v2\/pages\/164\/revisions"}],"predecessor-version":[{"id":556,"href":"https:\/\/casa-margarita.eu\/es\/wp-json\/wp\/v2\/pages\/164\/revisions\/556"}],"wp:attachment":[{"href":"https:\/\/casa-margarita.eu\/es\/wp-json\/wp\/v2\/media?parent=164"}],"curies":[{"name":"wp","href":"https:\/\/api.w.org\/{rel}","templated":true}]}}