{"id":156,"date":"2021-02-20T19:25:09","date_gmt":"2021-02-20T18:25:09","guid":{"rendered":"http:\/\/casa-margarita.eu\/?page_id=156"},"modified":"2021-06-13T09:50:00","modified_gmt":"2021-06-13T08:50:00","slug":"aktivitaeten","status":"publish","type":"page","link":"https:\/\/casa-margarita.eu\/es\/aktivitaeten\/","title":{"rendered":"Actividades"},"content":{"rendered":"<div data-elementor-type=\"wp-page\" data-elementor-id=\"156\" class=\"elementor elementor-156\" data-elementor-settings=\"[]\">\n\t\t\t\t\t\t\t<div class=\"elementor-section-wrap\">\n\t\t\t\t\t\t\t<section class=\"elementor-section elementor-top-section elementor-element elementor-element-ab9d1a8 elementor-section-boxed elementor-section-height-default elementor-section-height-default\" data-id=\"ab9d1a8\" data-element_type=\"section\">\n\t\t\t\t\t\t<div class=\"elementor-container elementor-column-gap-default\">\n\t\t\t\t\t<div class=\"elementor-column elementor-col-100 elementor-top-column elementor-element elementor-element-50d3f28\" data-id=\"50d3f28\" data-element_type=\"column\">\n\t\t\t<div class=\"elementor-widget-wrap elementor-element-populated\">\n\t\t\t\t\t\t\t\t<div class=\"elementor-element elementor-element-125135d elementor-arrows-position-inside elementor-widget elementor-widget-image-carousel\" data-id=\"125135d\" data-element_type=\"widget\" data-settings=\"{&quot;slides_to_show&quot;:&quot;1&quot;,&quot;navigation&quot;:&quot;arrows&quot;,&quot;autoplay&quot;:&quot;yes&quot;,&quot;pause_on_hover&quot;:&quot;yes&quot;,&quot;pause_on_interaction&quot;:&quot;yes&quot;,&quot;autoplay_speed&quot;:5000,&quot;infinite&quot;:&quot;yes&quot;,&quot;effect&quot;:&quot;slide&quot;,&quot;speed&quot;:500}\" data-widget_type=\"image-carousel.default\">\n\t\t\t\t<div class=\"elementor-widget-container\">\n\t\t\t\t\t<div class=\"elementor-image-carousel-wrapper swiper-container\" dir=\"ltr\">\n\t\t\t<div class=\"elementor-image-carousel swiper-wrapper swiper-image-stretch\">\n\t\t\t\t<div class=\"swiper-slide\"><figure class=\"swiper-slide-inner\"><img class=\"swiper-slide-image\" src=\"https:\/\/casa-margarita.eu\/wp-content\/uploads\/2021\/03\/20210312_131638-1024x393-1.png\" alt=\"20210312_131638-1024x393\" \/><\/figure><\/div><div class=\"swiper-slide\"><figure class=\"swiper-slide-inner\"><img class=\"swiper-slide-image\" src=\"https:\/\/casa-margarita.eu\/wp-content\/uploads\/2021\/02\/DSCI0241-1-1024x393-1.jpg\" alt=\"DSCI0241-1-1024x393\" \/><\/figure><\/div><div class=\"swiper-slide\"><figure class=\"swiper-slide-inner\"><img class=\"swiper-slide-image\" src=\"https:\/\/casa-margarita.eu\/wp-content\/uploads\/2021\/02\/DSC_2246-1024x393-1.jpg\" alt=\"DSC_2246-1024x393\" \/><\/figure><\/div><div class=\"swiper-slide\"><figure class=\"swiper-slide-inner\"><img class=\"swiper-slide-image\" src=\"https:\/\/casa-margarita.eu\/wp-content\/uploads\/2021\/02\/DSC_2148-1024x393-1.jpg\" alt=\"DSC_2148-1024x393\" \/><\/figure><\/div>\t\t\t<\/div>\n\t\t\t\t\t\t\t\t\t\t\t\t\t\t\t\t<div class=\"elementor-swiper-button elementor-swiper-button-prev\">\n\t\t\t\t\t\t<i class=\"eicon-chevron-left\" aria-hidden=\"true\"><\/i>\n\t\t\t\t\t\t<span class=\"elementor-screen-only\">Anterior<\/span>\n\t\t\t\t\t<\/div>\n\t\t\t\t\t<div class=\"elementor-swiper-button elementor-swiper-button-next\">\n\t\t\t\t\t\t<i class=\"eicon-chevron-right\" aria-hidden=\"true\"><\/i>\n\t\t\t\t\t\t<span class=\"elementor-screen-only\">Siguiente<\/span>\n\t\t\t\t\t<\/div>\n\t\t\t\t\t\t\t\t\t<\/div>\n\t\t\t\t<\/div>\n\t\t\t\t<\/div>\n\t\t\t\t\t<\/div>\n\t\t<\/div>\n\t\t\t\t\t\t\t<\/div>\n\t\t<\/section>\n\t\t\t\t<section class=\"elementor-section elementor-top-section elementor-element elementor-element-54f5657 elementor-section-boxed elementor-section-height-default elementor-section-height-default\" data-id=\"54f5657\" data-element_type=\"section\">\n\t\t\t\t\t\t<div class=\"elementor-container elementor-column-gap-default\">\n\t\t\t\t\t<div class=\"elementor-column elementor-col-100 elementor-top-column elementor-element elementor-element-cb1d751\" data-id=\"cb1d751\" data-element_type=\"column\">\n\t\t\t<div class=\"elementor-widget-wrap elementor-element-populated\">\n\t\t\t\t\t\t\t\t<div class=\"elementor-element elementor-element-9d31fa0 elementor-widget elementor-widget-heading\" data-id=\"9d31fa0\" data-element_type=\"widget\" data-widget_type=\"heading.default\">\n\t\t\t\t<div class=\"elementor-widget-container\">\n\t\t\t<h2 class=\"elementor-heading-title elementor-size-default\">Actividades<\/h2>\t\t<\/div>\n\t\t\t\t<\/div>\n\t\t\t\t\t<\/div>\n\t\t<\/div>\n\t\t\t\t\t\t\t<\/div>\n\t\t<\/section>\n\t\t\t\t<section class=\"elementor-section elementor-top-section elementor-element elementor-element-36b1a0b elementor-section-boxed elementor-section-height-default elementor-section-height-default\" data-id=\"36b1a0b\" data-element_type=\"section\">\n\t\t\t\t\t\t<div class=\"elementor-container elementor-column-gap-default\">\n\t\t\t\t\t<div class=\"elementor-column elementor-col-100 elementor-top-column elementor-element elementor-element-f80e404\" data-id=\"f80e404\" data-element_type=\"column\">\n\t\t\t<div class=\"elementor-widget-wrap elementor-element-populated\">\n\t\t\t\t\t\t\t\t<div class=\"elementor-element elementor-element-125ba9b elementor-widget elementor-widget-text-editor\" data-id=\"125ba9b\" data-element_type=\"widget\" data-widget_type=\"text-editor.default\">\n\t\t\t\t<div class=\"elementor-widget-container\">\n\t\t\t\t\t\t\t\t<ul><li><span style=\"font-size: 14pt;\">Paseos en los olivares<\/span><\/li><li><span style=\"font-size: 14pt;\">Senderismo en la naturaleza hermosa, por ejemplo \"La Ruta del Gollizno\"<\/span><\/li><li><span style=\"font-size: 14pt;\">Escalar (Climbing) en las grandes rocas cerca de Moclin (mas <a href=\"https:\/\/www.lagranaventurademoclin.com\/\" target=\"_blank\" rel=\"noopener\">informacion<\/a>)<\/span><\/li><li><span style=\"font-size: 14pt;\">Observar la naturaleza, especi\u00e1lmente los aves, los insectos (flora y fauna) de \u00e9ste lugar<\/span><\/li><li><span style=\"font-size: 14pt;\">Conocer la historia en el conjunto arqueol\u00f3gico de T\u00f3zar con su lago artificial<\/span><\/li><li><span style=\"font-size: 14pt;\">Visitas a los castillos de la regi\u00f3n: castillo de M\u00f3clin, Montefrio, Alcal\u00e1 La Real y m\u00e1s<\/span><\/li><li><span style=\"font-size: 14pt;\">Excurciones a Granada con su famosa \"Alhambra\" y su centro antiguo (cada d\u00eda hay buses desde T\u00f3zar)<\/span><\/li><\/ul>\t\t\t\t\t\t<\/div>\n\t\t\t\t<\/div>\n\t\t\t\t\t<\/div>\n\t\t<\/div>\n\t\t\t\t\t\t\t<\/div>\n\t\t<\/section>\n\t\t\t\t\t\t<\/div>\n\t\t\t\t\t<\/div>","protected":false},"excerpt":{"rendered":"<p>Zur\u00fcck Weiter Aktivit\u00e4ten Spazierg\u00e4nge durch die Olivenhaine Wanderungen in der reizvollen Umgebung, z.B. \u201eRuta de Gollizno\u201c Klettern in den Felsen nahe Moclin (weitere Infos) Natur- und V\u00f6gelbeobachtung, praktisch vor der Haust\u00fcr Eintauchen in die Geschichte auf dem arch\u00e4ologischen Feld mit See in T\u00f3zar Besuch mittelalterlicher Burgen in M\u00f3clin, Montefrio oder Alcal\u00e1 La Real Ausfl\u00fcge nach [&hellip;]<\/p>","protected":false},"author":1,"featured_media":0,"parent":0,"menu_order":0,"comment_status":"closed","ping_status":"closed","template":"","meta":{"ngg_post_thumbnail":0},"_links":{"self":[{"href":"https:\/\/casa-margarita.eu\/es\/wp-json\/wp\/v2\/pages\/156"}],"collection":[{"href":"https:\/\/casa-margarita.eu\/es\/wp-json\/wp\/v2\/pages"}],"about":[{"href":"https:\/\/casa-margarita.eu\/es\/wp-json\/wp\/v2\/types\/page"}],"author":[{"embeddable":true,"href":"https:\/\/casa-margarita.eu\/es\/wp-json\/wp\/v2\/users\/1"}],"replies":[{"embeddable":true,"href":"https:\/\/casa-margarita.eu\/es\/wp-json\/wp\/v2\/comments?post=156"}],"version-history":[{"count":23,"href":"https:\/\/casa-margarita.eu\/es\/wp-json\/wp\/v2\/pages\/156\/revisions"}],"predecessor-version":[{"id":484,"href":"https:\/\/casa-margarita.eu\/es\/wp-json\/wp\/v2\/pages\/156\/revisions\/484"}],"wp:attachment":[{"href":"https:\/\/casa-margarita.eu\/es\/wp-json\/wp\/v2\/media?parent=156"}],"curies":[{"name":"wp","href":"https:\/\/api.w.org\/{rel}","templated":true}]}}