{"id":154,"date":"2021-02-20T19:24:49","date_gmt":"2021-02-20T18:24:49","guid":{"rendered":"http:\/\/casa-margarita.eu\/?page_id=154"},"modified":"2023-01-02T14:17:30","modified_gmt":"2023-01-02T13:17:30","slug":"allgemeines","status":"publish","type":"page","link":"https:\/\/casa-margarita.eu\/es\/allgemeines\/","title":{"rendered":"Habitaciones"},"content":{"rendered":"<div data-elementor-type=\"wp-page\" data-elementor-id=\"154\" class=\"elementor elementor-154\" data-elementor-settings=\"[]\">\n\t\t\t\t\t\t\t<div class=\"elementor-section-wrap\">\n\t\t\t\t\t\t\t<section class=\"elementor-section elementor-top-section elementor-element elementor-element-c90f1d1 elementor-section-boxed elementor-section-height-default elementor-section-height-default\" data-id=\"c90f1d1\" data-element_type=\"section\">\n\t\t\t\t\t\t<div class=\"elementor-container elementor-column-gap-default\">\n\t\t\t\t\t<div class=\"elementor-column elementor-col-100 elementor-top-column elementor-element elementor-element-5116f87\" data-id=\"5116f87\" data-element_type=\"column\">\n\t\t\t<div class=\"elementor-widget-wrap elementor-element-populated\">\n\t\t\t\t\t\t\t\t<div class=\"elementor-element elementor-element-0c83252 elementor-arrows-position-inside elementor-widget elementor-widget-image-carousel\" data-id=\"0c83252\" data-element_type=\"widget\" data-settings=\"{&quot;slides_to_show&quot;:&quot;1&quot;,&quot;navigation&quot;:&quot;arrows&quot;,&quot;autoplay&quot;:&quot;yes&quot;,&quot;pause_on_hover&quot;:&quot;yes&quot;,&quot;pause_on_interaction&quot;:&quot;yes&quot;,&quot;autoplay_speed&quot;:5000,&quot;infinite&quot;:&quot;yes&quot;,&quot;effect&quot;:&quot;slide&quot;,&quot;speed&quot;:500}\" data-widget_type=\"image-carousel.default\">\n\t\t\t\t<div class=\"elementor-widget-container\">\n\t\t\t\t\t<div class=\"elementor-image-carousel-wrapper swiper-container\" dir=\"ltr\">\n\t\t\t<div class=\"elementor-image-carousel swiper-wrapper swiper-image-stretch\">\n\t\t\t\t<div class=\"swiper-slide\"><figure class=\"swiper-slide-inner\"><img class=\"swiper-slide-image\" src=\"https:\/\/casa-margarita.eu\/wp-content\/uploads\/2021\/02\/DSC_2148-1024x393-1.jpg\" alt=\"DSC_2148-1024x393\" \/><\/figure><\/div><div class=\"swiper-slide\"><figure class=\"swiper-slide-inner\"><img class=\"swiper-slide-image\" src=\"https:\/\/casa-margarita.eu\/wp-content\/uploads\/2021\/02\/DSCI0241-1-1024x393-1.jpg\" alt=\"DSCI0241-1-1024x393\" \/><\/figure><\/div><div class=\"swiper-slide\"><figure class=\"swiper-slide-inner\"><img class=\"swiper-slide-image\" src=\"https:\/\/casa-margarita.eu\/wp-content\/uploads\/2021\/02\/DSC_2246-1024x393-1.jpg\" alt=\"DSC_2246-1024x393\" \/><\/figure><\/div><div class=\"swiper-slide\"><figure class=\"swiper-slide-inner\"><img class=\"swiper-slide-image\" src=\"https:\/\/casa-margarita.eu\/wp-content\/uploads\/2021\/03\/20210312_131638-1024x393-1.png\" alt=\"20210312_131638-1024x393\" \/><\/figure><\/div>\t\t\t<\/div>\n\t\t\t\t\t\t\t\t\t\t\t\t\t\t\t\t<div class=\"elementor-swiper-button elementor-swiper-button-prev\">\n\t\t\t\t\t\t<i class=\"eicon-chevron-left\" aria-hidden=\"true\"><\/i>\n\t\t\t\t\t\t<span class=\"elementor-screen-only\">Anterior<\/span>\n\t\t\t\t\t<\/div>\n\t\t\t\t\t<div class=\"elementor-swiper-button elementor-swiper-button-next\">\n\t\t\t\t\t\t<i class=\"eicon-chevron-right\" aria-hidden=\"true\"><\/i>\n\t\t\t\t\t\t<span class=\"elementor-screen-only\">Siguiente<\/span>\n\t\t\t\t\t<\/div>\n\t\t\t\t\t\t\t\t\t<\/div>\n\t\t\t\t<\/div>\n\t\t\t\t<\/div>\n\t\t\t\t\t<\/div>\n\t\t<\/div>\n\t\t\t\t\t\t\t<\/div>\n\t\t<\/section>\n\t\t\t\t<section class=\"elementor-section elementor-top-section elementor-element elementor-element-49dad60 elementor-section-boxed elementor-section-height-default elementor-section-height-default\" data-id=\"49dad60\" data-element_type=\"section\">\n\t\t\t\t\t\t<div class=\"elementor-container elementor-column-gap-default\">\n\t\t\t\t\t<div class=\"elementor-column elementor-col-100 elementor-top-column elementor-element elementor-element-11739e1\" data-id=\"11739e1\" data-element_type=\"column\">\n\t\t\t<div class=\"elementor-widget-wrap elementor-element-populated\">\n\t\t\t\t\t\t\t\t<div class=\"elementor-element elementor-element-eb60776 elementor-widget elementor-widget-heading\" data-id=\"eb60776\" data-element_type=\"widget\" data-widget_type=\"heading.default\">\n\t\t\t\t<div class=\"elementor-widget-container\">\n\t\t\t<h2 class=\"elementor-heading-title elementor-size-default\">Habitaciones<\/h2>\t\t<\/div>\n\t\t\t\t<\/div>\n\t\t\t\t\t<\/div>\n\t\t<\/div>\n\t\t\t\t\t\t\t<\/div>\n\t\t<\/section>\n\t\t\t\t<section class=\"elementor-section elementor-top-section elementor-element elementor-element-8e5da0e elementor-section-boxed elementor-section-height-default elementor-section-height-default\" data-id=\"8e5da0e\" data-element_type=\"section\">\n\t\t\t\t\t\t<div class=\"elementor-container elementor-column-gap-default\">\n\t\t\t\t\t<div class=\"elementor-column elementor-col-100 elementor-top-column elementor-element elementor-element-79207a3\" data-id=\"79207a3\" data-element_type=\"column\">\n\t\t\t<div class=\"elementor-widget-wrap elementor-element-populated\">\n\t\t\t\t\t\t\t\t<div class=\"elementor-element elementor-element-3af5599 elementor-widget elementor-widget-text-editor\" data-id=\"3af5599\" data-element_type=\"widget\" data-widget_type=\"text-editor.default\">\n\t\t\t\t<div class=\"elementor-widget-container\">\n\t\t\t\t\t\t\t\t<ul><li><span style=\"font-size: 14pt;\">Tiene  2 habitaciones matrimoniales<\/span><\/li><li><span style=\"font-size: 14pt;\">Un cuarto de ba\u00f1o con todos los servicios<\/span><\/li><li><span style=\"font-size: 14pt;\">Sala y comedor en un solo ambiente y chimenea (estufa)<\/span><\/li><li><span style=\"font-size: 14pt;\">Cocina con equipo completo, inclusive lavadora de ropa (horno el\u00e9ctrico, microondas, lavavajillas, cafetera y hervidor) <\/span><\/li><li><span style=\"font-size: 14pt;\">WiFi libre<\/span><\/li><li><span style=\"font-size: 14pt;\">Lavadora, TV y CD\/MP3-Player<\/span><\/li><li><span style=\"font-size: 14pt;\">Ventiladores y aire acondicionado port\u00e1til\u00a0<\/span><\/li><li><span style=\"font-size: 14pt;\">Prohibido fumar dentro del apartamento<\/span><\/li><li><span style=\"font-size: 14pt;\">No mascotas, por favor<\/span><\/li><li><span style=\"font-size: 14pt;\">No hay garage (cochera) privado, pero es posible estacionar el coche cerca de la casa<\/span><\/li><li><span style=\"font-size: 14pt;\">Precio por noche: 1 persona 40 Euros, 2 personas 60 Euros, 3 - 4 personas 100 Euros<\/span><\/li><\/ul><p><span style=\"font-size: 14pt;\">(Para muchos d\u00edas \/ largo tiempo es posible un descuento)<\/span><\/p><p><span style=\"font-size: 14pt;\"><u>Incluido en el precio:<\/u><\/span><\/p><ul><li><span style=\"font-size: 14pt;\">IVA y limpieza final<\/span><\/li><li><span style=\"font-size: 14pt;\">S\u00e1banas y toallas limpias<\/span><\/li><\/ul>\t\t\t\t\t\t<\/div>\n\t\t\t\t<\/div>\n\t\t\t\t\t<\/div>\n\t\t<\/div>\n\t\t\t\t\t\t\t<\/div>\n\t\t<\/section>\n\t\t\t\t<section class=\"elementor-section elementor-top-section elementor-element elementor-element-ca02084 elementor-section-boxed elementor-section-height-default elementor-section-height-default\" data-id=\"ca02084\" data-element_type=\"section\">\n\t\t\t\t\t\t<div class=\"elementor-container elementor-column-gap-default\">\n\t\t\t\t\t<div class=\"elementor-column elementor-col-100 elementor-top-column elementor-element elementor-element-d789fb4\" data-id=\"d789fb4\" data-element_type=\"column\">\n\t\t\t<div class=\"elementor-widget-wrap elementor-element-populated\">\n\t\t\t\t\t\t\t\t<div class=\"elementor-element elementor-element-17d89e1 elementor-widget elementor-widget-google_maps\" data-id=\"17d89e1\" data-element_type=\"widget\" data-widget_type=\"google_maps.default\">\n\t\t\t\t<div class=\"elementor-widget-container\">\n\t\t\t\t\t<div class=\"elementor-custom-embed\">\n\t\t\t<iframe frameborder=\"0\" scrolling=\"no\" marginheight=\"0\" marginwidth=\"0\" src=\"https:\/\/maps.google.com\/maps?q=Calle%20Corea%2C%204%2018249%20T%C3%B3zar%2C%20Moclin%20Granada%20Espana&amp;t=m&amp;z=10&amp;output=embed&amp;iwloc=near\" title=\"%3$s\" aria-label=\"%3$s\"><\/iframe>\n\t\t<\/div>\n\t\t\t\t<\/div>\n\t\t\t\t<\/div>\n\t\t\t\t\t<\/div>\n\t\t<\/div>\n\t\t\t\t\t\t\t<\/div>\n\t\t<\/section>\n\t\t\t\t\t\t<\/div>\n\t\t\t\t\t<\/div>","protected":false},"excerpt":{"rendered":"<p>Zur\u00fcck Weiter Ausstattung Zwei Doppelzimmer Bad mit Dusche (Haartrockner) Offener Ess- und Wohnraum mit Kaminofen Voll ausgestattete Einbauk\u00fcche mit K\u00fchl- und Gefrierschrank, Herd mit Ceranfeld, Mikrowelle, Geschirrsp\u00fcler, Kaffeemaschine und Wasserkocher Kostenfreies WLAN Waschmaschine, TV und ein CD\/Mp3-Player Ventilatoren und mobile Klimaanlage\u00a0 Nichtraucherwohnung Bitte keine Haustiere Parken nahe der Ferienwohnung m\u00f6glich Preis \/ \u00dcbernachtung: 1 Pers. [&hellip;]<\/p>","protected":false},"author":1,"featured_media":0,"parent":0,"menu_order":0,"comment_status":"closed","ping_status":"closed","template":"","meta":{"ngg_post_thumbnail":0},"_links":{"self":[{"href":"https:\/\/casa-margarita.eu\/es\/wp-json\/wp\/v2\/pages\/154"}],"collection":[{"href":"https:\/\/casa-margarita.eu\/es\/wp-json\/wp\/v2\/pages"}],"about":[{"href":"https:\/\/casa-margarita.eu\/es\/wp-json\/wp\/v2\/types\/page"}],"author":[{"embeddable":true,"href":"https:\/\/casa-margarita.eu\/es\/wp-json\/wp\/v2\/users\/1"}],"replies":[{"embeddable":true,"href":"https:\/\/casa-margarita.eu\/es\/wp-json\/wp\/v2\/comments?post=154"}],"version-history":[{"count":60,"href":"https:\/\/casa-margarita.eu\/es\/wp-json\/wp\/v2\/pages\/154\/revisions"}],"predecessor-version":[{"id":552,"href":"https:\/\/casa-margarita.eu\/es\/wp-json\/wp\/v2\/pages\/154\/revisions\/552"}],"wp:attachment":[{"href":"https:\/\/casa-margarita.eu\/es\/wp-json\/wp\/v2\/media?parent=154"}],"curies":[{"name":"wp","href":"https:\/\/api.w.org\/{rel}","templated":true}]}}