{"id":152,"date":"2021-02-20T19:35:09","date_gmt":"2021-02-20T18:35:09","guid":{"rendered":"http:\/\/casa-margarita.eu\/?page_id=152"},"modified":"2025-12-19T12:12:21","modified_gmt":"2025-12-19T11:12:21","slug":"startseite","status":"publish","type":"page","link":"https:\/\/casa-margarita.eu\/es\/","title":{"rendered":"Portal"},"content":{"rendered":"<div data-elementor-type=\"wp-page\" data-elementor-id=\"152\" class=\"elementor elementor-152\" data-elementor-settings=\"[]\">\n\t\t\t\t\t\t\t<div class=\"elementor-section-wrap\">\n\t\t\t\t\t\t\t<section class=\"elementor-section elementor-top-section elementor-element elementor-element-3c84d9a elementor-section-boxed elementor-section-height-default elementor-section-height-default\" data-id=\"3c84d9a\" data-element_type=\"section\">\n\t\t\t\t\t\t<div class=\"elementor-container elementor-column-gap-default\">\n\t\t\t\t\t<div class=\"elementor-column elementor-col-100 elementor-top-column elementor-element elementor-element-8df66d4\" data-id=\"8df66d4\" data-element_type=\"column\">\n\t\t\t<div class=\"elementor-widget-wrap elementor-element-populated\">\n\t\t\t\t\t\t\t\t<div class=\"elementor-element elementor-element-1bea504 elementor-arrows-position-inside elementor-widget elementor-widget-image-carousel\" data-id=\"1bea504\" data-element_type=\"widget\" data-settings=\"{&quot;navigation&quot;:&quot;arrows&quot;,&quot;slides_to_show&quot;:&quot;1&quot;,&quot;autoplay&quot;:&quot;yes&quot;,&quot;pause_on_hover&quot;:&quot;yes&quot;,&quot;pause_on_interaction&quot;:&quot;yes&quot;,&quot;autoplay_speed&quot;:5000,&quot;infinite&quot;:&quot;yes&quot;,&quot;effect&quot;:&quot;slide&quot;,&quot;speed&quot;:500}\" data-widget_type=\"image-carousel.default\">\n\t\t\t\t<div class=\"elementor-widget-container\">\n\t\t\t\t\t<div class=\"elementor-image-carousel-wrapper swiper-container\" dir=\"ltr\">\n\t\t\t<div class=\"elementor-image-carousel swiper-wrapper swiper-image-stretch\">\n\t\t\t\t<div class=\"swiper-slide\"><figure class=\"swiper-slide-inner\"><img class=\"swiper-slide-image\" src=\"https:\/\/casa-margarita.eu\/wp-content\/uploads\/2021\/02\/DSC_1979-1024x394-1.jpg\" alt=\"DSC_1979-1024x394\" \/><\/figure><\/div><div class=\"swiper-slide\"><figure class=\"swiper-slide-inner\"><img class=\"swiper-slide-image\" src=\"https:\/\/casa-margarita.eu\/wp-content\/uploads\/2021\/02\/DSC_2175-scaled_1024x394.jpg\" alt=\"DSC_2175-scaled_1024x394\" \/><\/figure><\/div><div class=\"swiper-slide\"><figure class=\"swiper-slide-inner\"><img class=\"swiper-slide-image\" src=\"https:\/\/casa-margarita.eu\/wp-content\/uploads\/2021\/02\/DSCI0460-1024x393-1.jpg\" alt=\"DSCI0460-1024x393\" \/><\/figure><\/div><div class=\"swiper-slide\"><figure class=\"swiper-slide-inner\"><img class=\"swiper-slide-image\" src=\"https:\/\/casa-margarita.eu\/wp-content\/uploads\/2021\/02\/DSCI0241-1-1024x393-1.jpg\" alt=\"DSCI0241-1-1024x393\" \/><\/figure><\/div><div class=\"swiper-slide\"><figure class=\"swiper-slide-inner\"><img class=\"swiper-slide-image\" src=\"https:\/\/casa-margarita.eu\/wp-content\/uploads\/2021\/02\/DSC_2246-1024x393-1.jpg\" alt=\"DSC_2246-1024x393\" \/><\/figure><\/div><div class=\"swiper-slide\"><figure class=\"swiper-slide-inner\"><img class=\"swiper-slide-image\" src=\"https:\/\/casa-margarita.eu\/wp-content\/uploads\/2021\/02\/DSC_2148-1024x393-1.jpg\" alt=\"DSC_2148-1024x393\" \/><\/figure><\/div>\t\t\t<\/div>\n\t\t\t\t\t\t\t\t\t\t\t\t\t\t\t\t<div class=\"elementor-swiper-button elementor-swiper-button-prev\">\n\t\t\t\t\t\t<i class=\"eicon-chevron-left\" aria-hidden=\"true\"><\/i>\n\t\t\t\t\t\t<span class=\"elementor-screen-only\">Anterior<\/span>\n\t\t\t\t\t<\/div>\n\t\t\t\t\t<div class=\"elementor-swiper-button elementor-swiper-button-next\">\n\t\t\t\t\t\t<i class=\"eicon-chevron-right\" aria-hidden=\"true\"><\/i>\n\t\t\t\t\t\t<span class=\"elementor-screen-only\">Siguiente<\/span>\n\t\t\t\t\t<\/div>\n\t\t\t\t\t\t\t\t\t<\/div>\n\t\t\t\t<\/div>\n\t\t\t\t<\/div>\n\t\t\t\t\t<\/div>\n\t\t<\/div>\n\t\t\t\t\t\t\t<\/div>\n\t\t<\/section>\n\t\t\t\t<section class=\"elementor-section elementor-top-section elementor-element elementor-element-332044c elementor-section-boxed elementor-section-height-default elementor-section-height-default\" data-id=\"332044c\" data-element_type=\"section\">\n\t\t\t\t\t\t<div class=\"elementor-container elementor-column-gap-default\">\n\t\t\t\t\t<div class=\"elementor-column elementor-col-100 elementor-top-column elementor-element elementor-element-af11edd\" data-id=\"af11edd\" data-element_type=\"column\">\n\t\t\t<div class=\"elementor-widget-wrap elementor-element-populated\">\n\t\t\t\t\t\t\t\t<div class=\"elementor-element elementor-element-5c5e339 elementor-widget elementor-widget-heading\" data-id=\"5c5e339\" data-element_type=\"widget\" data-widget_type=\"heading.default\">\n\t\t\t\t<div class=\"elementor-widget-container\">\n\t\t\t<h2 class=\"elementor-heading-title elementor-size-default\">Vamos a Andalucia...<\/h2>\t\t<\/div>\n\t\t\t\t<\/div>\n\t\t\t\t<div class=\"elementor-element elementor-element-4cb929d elementor-widget elementor-widget-text-editor\" data-id=\"4cb929d\" data-element_type=\"widget\" data-widget_type=\"text-editor.default\">\n\t\t\t\t<div class=\"elementor-widget-container\">\n\t\t\t\t\t\t\t\t<p><span style=\"font-size: 14pt;\">Pura naturaleza, pasear, hacer senderismo y escalar en un aire tan sano... y en la tarde regresar a la Posada Margarita y sintirse casi como en casa para relajarse.<\/span><\/p><p><span style=\"font-size: 14pt;\">Casa Margarita en T\u00f3zar ofrece un apartamento de vacaciones muy c\u00f3modo y confortable (aprox. 80m\u00b2) para 2-4 personas y totalmente independiente.<\/span><\/p><p><span style=\"font-size: 14pt;\">Rodeado de olivares y almendros esta el pueblo de T\u00f3zar (987 m.s.n.m.) en los montes de Granada, con sus amables habitantes, lejos de la agitaci\u00f3n aqu\u00ed, la vida s\u00edmple y r\u00fastica hace ese efecto relajante y reparador del aire limpio y puro de la comarca inundada del sol y el grandioso firmamento Andaluz.<\/span><\/p><p><span style=\"font-size: 14pt;\">En T\u00f3zar hay un restaurante de cocina tradicional, y tambi\u00e9n pasan furgonetas repartiendo pan y pescado fresco.<\/span><\/p><p><span style=\"font-size: 14pt;\">Los viernes hay un mercadillo con frutas, verduras, miel... todo de la regi\u00f3n.<\/span><\/p>\t\t\t\t\t\t<\/div>\n\t\t\t\t<\/div>\n\t\t\t\t\t<\/div>\n\t\t<\/div>\n\t\t\t\t\t\t\t<\/div>\n\t\t<\/section>\n\t\t\t\t<section class=\"elementor-section elementor-top-section elementor-element elementor-element-45d2868 elementor-section-boxed elementor-section-height-default elementor-section-height-default\" data-id=\"45d2868\" data-element_type=\"section\">\n\t\t\t\t\t\t<div class=\"elementor-container elementor-column-gap-default\">\n\t\t\t\t\t<div class=\"elementor-column elementor-col-100 elementor-top-column elementor-element elementor-element-5f8053a\" data-id=\"5f8053a\" data-element_type=\"column\">\n\t\t\t<div class=\"elementor-widget-wrap\">\n\t\t\t\t\t\t\t\t\t<\/div>\n\t\t<\/div>\n\t\t\t\t\t\t\t<\/div>\n\t\t<\/section>\n\t\t\t\t\t\t<\/div>\n\t\t\t\t\t<\/div>","protected":false},"excerpt":{"rendered":"<p>Zur\u00fcck Weiter Auf nach Andalusien&#8230; Natur pur, Spazierengehen, Wandern und Klettern in gesunder Luft&#8230; und abends fast wie nach Hause kommen und entspannen. Casa Margarita in T\u00f3zar bietet eine gem\u00fctliche und komfortable Ferienwohnung (ca. 80qm) f\u00fcr bis zu vier Personen mit privatem Eingang. Umgeben von Olivenhainen und Mandelb\u00e4umen liegt das Dorf T\u00f3zar mit seinen freundlichen [&hellip;]<\/p>","protected":false},"author":1,"featured_media":0,"parent":0,"menu_order":0,"comment_status":"closed","ping_status":"closed","template":"","meta":{"ngg_post_thumbnail":0},"_links":{"self":[{"href":"https:\/\/casa-margarita.eu\/es\/wp-json\/wp\/v2\/pages\/152"}],"collection":[{"href":"https:\/\/casa-margarita.eu\/es\/wp-json\/wp\/v2\/pages"}],"about":[{"href":"https:\/\/casa-margarita.eu\/es\/wp-json\/wp\/v2\/types\/page"}],"author":[{"embeddable":true,"href":"https:\/\/casa-margarita.eu\/es\/wp-json\/wp\/v2\/users\/1"}],"replies":[{"embeddable":true,"href":"https:\/\/casa-margarita.eu\/es\/wp-json\/wp\/v2\/comments?post=152"}],"version-history":[{"count":57,"href":"https:\/\/casa-margarita.eu\/es\/wp-json\/wp\/v2\/pages\/152\/revisions"}],"predecessor-version":[{"id":578,"href":"https:\/\/casa-margarita.eu\/es\/wp-json\/wp\/v2\/pages\/152\/revisions\/578"}],"wp:attachment":[{"href":"https:\/\/casa-margarita.eu\/es\/wp-json\/wp\/v2\/media?parent=152"}],"curies":[{"name":"wp","href":"https:\/\/api.w.org\/{rel}","templated":true}]}}